{"id":30,"date":"2025-07-21T12:11:38","date_gmt":"2025-07-21T12:11:38","guid":{"rendered":"https:\/\/i76.biz\/?page_id=30"},"modified":"2025-07-21T12:11:38","modified_gmt":"2025-07-21T12:11:38","slug":"kariera","status":"publish","type":"page","link":"http:\/\/i76.biz\/index.php\/kariera\/","title":{"rendered":"Kariera"},"content":{"rendered":"\n<p>\u00a0U nas b\u0119dziesz wsp\u00f3\u0142tworzy\u0107 nowe trendy, mo\u017cesz w pe\u0142ni rozwin\u0105\u0107 swoj\u0105 kreatywno\u015b\u0107 i wykorzysta\u0107 ca\u0142\u0105 swoj\u0105 wiedz\u0119. Do\u0142\u0105czysz do otwartego, mi\u0119dzynarodowego, harmonijnego zespo\u0142u, w kt\u00f3rym mo\u017cesz si\u0119 w pe\u0142ni rozwija\u0107.<\/p>\n\n\n\n<p><\/p>\n\n\n\n<h2 class=\"wp-block-heading\">Aplikacja og\u00f3lna<\/h2>\n\n\n\n<p>Nie ma oferty, kt\u00f3ra do Ciebie pasuje? Prze\u015blij swoj\u0105 aplikacj\u0119 og\u00f3ln\u0105 wraz z nast\u0119puj\u0105c\u0105 klauzul\u0105 zgody na przetwarzanie Twoich danych osobowych:<\/p>\n\n\n\n<p><em>\u201eZgodnie z art.6 ust.1 lit. a Rozporz\u0105dzenia PARLAMENTU EUROPEJSKIEGO I RADY (UE) 2016\/679 z dnia 27 kwietnia 2016 r. w sprawie ochrony os\u00f3b fizycznych w zwi\u0105zku z przetwarzaniem danych osobowych i w sprawie swobodnego przep\u0142ywu takich danych oraz uchylenia dyrektywy 95\/46\/WE (Dz. Urz. UE L 119 z 04.05.2016, dalej: RODO), wyra\u017cam zgod\u0119 na przetwarzanie moich danych osobowych zawartych w dokumentach aplikacyjnych, przez \u201eImpress decor Polska Sp. z o.o.\u201d, ul. Handlowa 1, 19 \u2013 300 E\u0142k, dla potrzeb przysz\u0142ych rekrutacji\u201d<\/em><\/p>\n\n\n\n<p><br><strong>INFORMACJA DOTYCZ\u0104CA PRZETWARZANIA DANYCH OSOBOWYCH W PROCESIE REKRUTACJI<\/strong><\/p>\n\n\n\n<p>Administratorem Twoich danych osobowych jest \u201eImpress decor Polska Sp. z. o. o. ul. Handlowa 1, 19300 E\u0142k.&nbsp;Twoje dane osobowe przetwarzane b\u0119d\u0105 dla potrzeb aktualnej rekrutacji, na podstawie Art. 6 ust. 1 lit. a)&nbsp;Rozporz\u0105dzenia PARLAMENTU EUROPEJSKIEGO I RADY (UE) 2016\/679 z dnia 27 kwietnia 2016 r. w sprawie&nbsp;ochrony os\u00f3b fizycznych w zwi\u0105zku z przetwarzaniem danych osobowych i w sprawie swobodnego przep\u0142ywu&nbsp;takich danych oraz uchylenia dyrektywy 95\/46\/WE (Dz. Urz. UE L 119 z 04.05.2016, dalej: RODO) oraz Kodeksu&nbsp;Pracy z dnia 26 czerwca 1974 r., oraz \u2013 je\u017celi wyrazisz na to zgod\u0119 \u2013 tak\u017ce przysz\u0142ych rekrutacji, na podstawie&nbsp;Art. 6 ust. 1 lit. a) RODO.<\/p>\n\n\n\n<p>Twoje dane osobowe przechowywane b\u0119d\u0105 przez okres tej lub przysz\u0142ych rekrutacji, ale nie d\u0142u\u017cszy ni\u017c 2 lata,&nbsp;za\u015b ich odbiorcami b\u0119d\u0105 wy\u0142\u0105cznie podmioty uprawnione do uzyskania danych osobowych na podstawie&nbsp;przepis\u00f3w prawa.<\/p>\n\n\n\n<p>Posiadasz prawo do \u017c\u0105dania od administratora dost\u0119pu do danych osobowych, prawo do ich sprostowania,&nbsp;usuni\u0119cia lub ograniczenia przetwarzania, prawo do wniesienia sprzeciwu wobec przetwarzania, prawo do&nbsp;przenoszenia danych, prawo do cofni\u0119cia zgody w dowolnym momencie.<\/p>\n\n\n\n<p>Podanie danych osobowych jest obligatoryjne w oparciu o przepisy prawa (tj. dane wskazane w Kodeksie&nbsp;pracy), a w pozosta\u0142ym zakresie jest dobrowolne. Je\u017celi nie chcesz, aby\u015bmy przetwarzali dodatkowe dane o Tobie (tj. np. Twoje zdj\u0119cie, zainteresowania), nie umieszczaj ich w swoich dokumentach.<\/p>\n\n\n\n<p>Je\u017celi masz zastrze\u017cenia do przetwarzania przez nas Twoich danych osobowych, masz prawo wniesienia skargi&nbsp;do organu nadzorczego.<\/p>\n","protected":false},"excerpt":{"rendered":"<p>\u00a0U nas b\u0119dziesz wsp\u00f3\u0142tworzy\u0107 nowe trendy, mo\u017cesz w pe\u0142ni rozwin\u0105\u0107 swoj\u0105 kreatywno\u015b\u0107 i wykorzysta\u0107 ca\u0142\u0105 swoj\u0105 wiedz\u0119. Do\u0142\u0105czysz do otwartego, mi\u0119dzynarodowego, harmonijnego zespo\u0142u, w kt\u00f3rym mo\u017cesz si\u0119 w pe\u0142ni rozwija\u0107. Aplikacja og\u00f3lna Nie ma oferty, kt\u00f3ra do Ciebie pasuje? Prze\u015blij swoj\u0105 aplikacj\u0119 og\u00f3ln\u0105 wraz z nast\u0119puj\u0105c\u0105 klauzul\u0105 zgody na przetwarzanie Twoich danych osobowych: \u201eZgodnie z [&hellip;]<\/p>\n","protected":false},"author":1,"featured_media":0,"parent":0,"menu_order":0,"comment_status":"closed","ping_status":"closed","template":"","meta":{"_themeisle_gutenberg_block_has_review":false,"footnotes":""},"class_list":["post-30","page","type-page","status-publish","hentry"],"_links":{"self":[{"href":"http:\/\/i76.biz\/index.php\/wp-json\/wp\/v2\/pages\/30","targetHints":{"allow":["GET"]}}],"collection":[{"href":"http:\/\/i76.biz\/index.php\/wp-json\/wp\/v2\/pages"}],"about":[{"href":"http:\/\/i76.biz\/index.php\/wp-json\/wp\/v2\/types\/page"}],"author":[{"embeddable":true,"href":"http:\/\/i76.biz\/index.php\/wp-json\/wp\/v2\/users\/1"}],"replies":[{"embeddable":true,"href":"http:\/\/i76.biz\/index.php\/wp-json\/wp\/v2\/comments?post=30"}],"version-history":[{"count":1,"href":"http:\/\/i76.biz\/index.php\/wp-json\/wp\/v2\/pages\/30\/revisions"}],"predecessor-version":[{"id":31,"href":"http:\/\/i76.biz\/index.php\/wp-json\/wp\/v2\/pages\/30\/revisions\/31"}],"wp:attachment":[{"href":"http:\/\/i76.biz\/index.php\/wp-json\/wp\/v2\/media?parent=30"}],"curies":[{"name":"wp","href":"https:\/\/api.w.org\/{rel}","templated":true}]}}